{"id":127,"date":"2016-07-30T07:59:57","date_gmt":"2016-07-30T07:59:57","guid":{"rendered":"http:\/\/kurkaune.lt\/?page_id=127"},"modified":"2017-11-09T20:30:36","modified_gmt":"2017-11-09T20:30:36","slug":"prekiu-grazinimas-garantijos","status":"publish","type":"page","link":"https:\/\/www.bimmer.lt\/ru\/prekiu-grazinimas-garantijos\/","title":{"rendered":"\u0417\u0430\u043c\u0435\u043d\u0430, \u0433\u0430\u0440\u0430\u043d\u0442\u0438\u0438"},"content":{"rendered":"<p><\/p>\n<h1><strong>\u0417\u0430\u043c\u0435\u043d\u0430, \u0433\u0430\u0440\u0430\u043d\u0442\u0438\u0438<\/strong><\/h1>\n<p>&nbsp;<\/p>\n<p>*It is the customers responsibility to pay for and ship the item back to us.<\/p>\n<p>*Items listed for sale as &#8216;for parts not working&#8217; are not returnable.<\/p>\n<p>*We test all returned items. The refund will be issued once the item has been received and verified as faulty.<\/p>\n<p>*The item has to be returned in an original condition and well packed.<\/p>\n<p>*If item has arrived damaged to you, you have to provide us a pictures of it, if you are willing to return\/ask for a refund.<\/p>\n<p>*PLEASE NOTE: all dispatched items are marked to avoid dishonest buyers(marking has to be not damaged when returning).<\/p>\n<p>*Returns are accepted only 14 days after receiving the item.<\/p>\n<p>*Items that have been tampered with or damaged during fitment will not be refunded.<\/p>\n<p>*When buying you accept our return&amp;payment&amp;postage policies.<\/p>\n<p>&nbsp;<\/p>\n<p>Return address:<\/p>\n<p>JSC &#8220;SUNDER&#8221;<\/p>\n<p>Klaip\u0117dos str. 78 LT-35193 Panev\u0117\u017eys,<\/p>\n<p>LITHUANIA<\/p>\n<p>&nbsp;<\/p>\n<p>*When returning from non-EU countries, item must be marked as return.<\/p>","protected":false},"excerpt":{"rendered":"<p>\u0417\u0430\u043c\u0435\u043d\u0430, \u0433\u0430\u0440\u0430\u043d\u0442\u0438\u0438 &nbsp; *It is the customers responsibility to pay for and ship the item back to us. *Items listed for sale as &#8216;for parts not working&#8217; are not returnable.<\/p>\n","protected":false},"author":1,"featured_media":0,"parent":0,"menu_order":0,"comment_status":"closed","ping_status":"closed","template":"","meta":[],"_links":{"self":[{"href":"https:\/\/www.bimmer.lt\/ru\/wp-json\/wp\/v2\/pages\/127"}],"collection":[{"href":"https:\/\/www.bimmer.lt\/ru\/wp-json\/wp\/v2\/pages"}],"about":[{"href":"https:\/\/www.bimmer.lt\/ru\/wp-json\/wp\/v2\/types\/page"}],"author":[{"embeddable":true,"href":"https:\/\/www.bimmer.lt\/ru\/wp-json\/wp\/v2\/users\/1"}],"replies":[{"embeddable":true,"href":"https:\/\/www.bimmer.lt\/ru\/wp-json\/wp\/v2\/comments?post=127"}],"version-history":[{"count":9,"href":"https:\/\/www.bimmer.lt\/ru\/wp-json\/wp\/v2\/pages\/127\/revisions"}],"predecessor-version":[{"id":103279,"href":"https:\/\/www.bimmer.lt\/ru\/wp-json\/wp\/v2\/pages\/127\/revisions\/103279"}],"wp:attachment":[{"href":"https:\/\/www.bimmer.lt\/ru\/wp-json\/wp\/v2\/media?parent=127"}],"curies":[{"name":"wp","href":"https:\/\/api.w.org\/{rel}","templated":true}]}}